{"id":2736,"date":"2024-05-30T16:58:20","date_gmt":"2024-05-30T19:58:20","guid":{"rendered":"https:\/\/spicytool.spicyagency.net\/?page_id=2736"},"modified":"2024-05-30T17:01:46","modified_gmt":"2024-05-30T20:01:46","slug":"politicas-de-reembolso","status":"publish","type":"page","link":"https:\/\/spicytool.spicyagency.net\/en\/politicas-de-reembolso\/","title":{"rendered":"Pol\u00edticas de Reembolso"},"content":{"rendered":"<div data-elementor-type=\"wp-page\" data-elementor-id=\"2736\" class=\"elementor elementor-2736\">\n\t\t\t\t\t\t<section class=\"elementor-section elementor-top-section elementor-element elementor-element-4bbecbed elementor-section-boxed elementor-section-height-default elementor-section-height-default\" data-id=\"4bbecbed\" data-element_type=\"section\" data-e-type=\"section\">\n\t\t\t\t\t\t<div class=\"elementor-container elementor-column-gap-default\">\n\t\t\t\t\t<div class=\"elementor-column elementor-col-100 elementor-top-column elementor-element elementor-element-7bbdd0b4\" data-id=\"7bbdd0b4\" data-element_type=\"column\" data-e-type=\"column\">\n\t\t\t<div class=\"elementor-widget-wrap elementor-element-populated\">\n\t\t\t\t\t\t<div class=\"elementor-element elementor-element-4d0600f2 elementor-widget elementor-widget-heading\" data-id=\"4d0600f2\" data-element_type=\"widget\" data-e-type=\"widget\" data-widget_type=\"heading.default\">\n\t\t\t\t<div class=\"elementor-widget-container\">\n\t\t\t\t\t<h1 class=\"elementor-heading-title elementor-size-default\">Pol\u00edticas de Reembolso<\/h1>\t\t\t\t<\/div>\n\t\t\t\t<\/div>\n\t\t\t\t\t<\/div>\n\t\t<\/div>\n\t\t\t\t\t<\/div>\n\t\t<\/section>\n\t\t\t\t<section class=\"elementor-section elementor-top-section elementor-element elementor-element-66983535 elementor-section-boxed elementor-section-height-default elementor-section-height-default\" data-id=\"66983535\" data-element_type=\"section\" data-e-type=\"section\">\n\t\t\t\t\t\t<div class=\"elementor-container elementor-column-gap-default\">\n\t\t\t\t\t<div class=\"elementor-column elementor-col-100 elementor-top-column elementor-element elementor-element-486e7ce2\" data-id=\"486e7ce2\" data-element_type=\"column\" data-e-type=\"column\">\n\t\t\t<div class=\"elementor-widget-wrap elementor-element-populated\">\n\t\t\t\t\t\t<div class=\"elementor-element elementor-element-79afc0da elementor-widget elementor-widget-text-editor\" data-id=\"79afc0da\" data-element_type=\"widget\" data-e-type=\"widget\" data-widget_type=\"text-editor.default\">\n\t\t\t\t<div class=\"elementor-widget-container\">\n\t\t\t\t\t\t\t\t\t<h4><strong>Condiciones&nbsp;<\/strong><\/h4>\n<div data-block-id=\"block-2e0798e8-d61d-4673-bc5e-c39e0cd1adae\"><span style=\"color: var(--uicore-typography--p-c,'#070707'); font-family: var(--uicore-typography--p-f,'Inter'); font-size: var(--uicore-typography--p-s,'10px'); font-style: var(--uicore-typography--p-st,'normal'); font-weight: var(--uicore-typography--p-w,'600'); letter-spacing: var(--uicore-typography--p-ls,'-0.027em'); text-transform: var(--uicore-typography--p-t,'none');\">Puedes obtener un reembolso del 100% si has creado y lanzado al menos una campa\u00f1a de Google Ads desde Spicytool, y esta ha estado activa durante al menos 20 d\u00edas consecutivos. La solicitud de reembolso debe realizarse dentro de los 30 d\u00edas calendario desde la creaci\u00f3n de la cuenta.<\/span><br><\/div>\n<h4><strong>Otras condiciones:<\/strong><\/h4>\n<div data-block-id=\"block-8bdf29c0-5b66-4487-bafd-ffc24dd46298\">En caso de emitir el reembolso total, el usuario perder\u00e1 acceso a su cuenta de Spicytool y la campa\u00f1a ser\u00e1 desactivada de forma autom\u00e1tica.<br><span style=\"color: var(--uicore-typography--p-c,&quot;#070707&quot;); font-family: var(--uicore-typography--p-f,&quot;Inter&quot;); font-size: var(--uicore-typography--p-s,&quot;10px&quot;); font-style: var(--uicore-typography--p-st,&quot;normal&quot;); font-weight: var(--uicore-typography--p-w,&quot;600&quot;); letter-spacing: var(--uicore-typography--p-ls,&quot;-0.027em&quot;); text-transform: var(--uicore-typography--p-t,&quot;none&quot;);\"><br><\/span><span style=\"color: var(--uicore-typography--p-c,&quot;#070707&quot;); font-family: var(--uicore-typography--p-f,&quot;Inter&quot;); font-size: var(--uicore-typography--p-s,&quot;10px&quot;); font-style: var(--uicore-typography--p-st,&quot;normal&quot;); font-weight: var(--uicore-typography--p-w,&quot;600&quot;); letter-spacing: var(--uicore-typography--p-ls,&quot;-0.027em&quot;); text-transform: var(--uicore-typography--p-t,&quot;none&quot;);\">En caso de pedir la baja y que todav\u00eda no se haya cumplido los 20 d\u00edas de estar la publicidad funcionando, se deber\u00e1 pedir nuevamente cuando se cumpla el plazo establecido en el inciso uno<\/span><\/div>\n<div data-block-id=\"block-8bdf29c0-5b66-4487-bafd-ffc24dd46298\">&nbsp;<\/div>\n<div data-block-id=\"block-83c5ed45-1a9e-4399-a65e-70b57f6ea642\">&nbsp;<\/div>\n<h4><strong>\u00bfCu\u00e1ndo ver\u00e9 el reembolso en mi cuenta?<\/strong><\/h4>\n<div data-block-id=\"block-9f38a0a9-bc0b-4255-942c-e951a379ff05\">Si tu solicitud de reembolso cumple con todos los requisitos, procesaremos el reembolso de inmediato. Sin embargo, puede tardar un poco en reflejarse en tu cuenta:<\/div>\n<ul>\n<li><strong>Tarjeta de cr\u00e9dito\/d\u00e9bito<\/strong>: de 10 a 15 d\u00edas h\u00e1biles, dependiendo de tu banco.<\/li>\n<\/ul>\n<div data-block-id=\"block-327e7f8c-c7b4-40de-8dbc-df355b441ea9\">Los reembolsos se realizan en la misma moneda en la que se efectu\u00f3 el cobro inicial.<\/div>\n<div data-block-id=\"block-69cf7119-5737-4c07-8400-ed1eca9f2735\">&nbsp;<\/div>\n<div data-block-id=\"block-1c210b8a-ef61-4339-997a-68593fcda722\">Esperamos que no tengas ning\u00fan inconveniente, pero si surge alguno, env\u00edanos un email a <a href=\"mailto:soporte@spicytool.spicyagency.net\" target=\"_blank\" rel=\"noopener noreferrer\">soporte@spicytool.spicyagency.net<\/a> con los siguientes detalles:<\/div>\n<ol>\n<li><strong>Asunto del email<\/strong>: Reembolso<\/li>\n<li><strong>Correo de registro<\/strong><\/li>\n<li><strong>Nombre de la compa\u00f1\u00eda<\/strong><\/li>\n<li><strong>Motivo de la solicitud<\/strong><\/li><\/ol>\t\t\t\t\t\t\t\t<\/div>\n\t\t\t\t<\/div>\n\t\t\t\t\t<\/div>\n\t\t<\/div>\n\t\t\t\t\t<\/div>\n\t\t<\/section>\n\t\t\t\t<section class=\"elementor-section elementor-top-section elementor-element elementor-element-2cba8803 elementor-section-boxed elementor-section-height-default elementor-section-height-default\" data-id=\"2cba8803\" data-element_type=\"section\" data-e-type=\"section\">\n\t\t\t\t\t\t<div class=\"elementor-container elementor-column-gap-default\">\n\t\t\t\t\t<div class=\"elementor-column elementor-col-100 elementor-top-column elementor-element elementor-element-61b18161\" data-id=\"61b18161\" data-element_type=\"column\" data-e-type=\"column\">\n\t\t\t<div class=\"elementor-widget-wrap elementor-element-populated\">\n\t\t\t\t\t\t<div class=\"elementor-element elementor-element-268ae944 elementor-widget elementor-widget-spacer\" data-id=\"268ae944\" data-element_type=\"widget\" data-e-type=\"widget\" data-widget_type=\"spacer.default\">\n\t\t\t\t<div class=\"elementor-widget-container\">\n\t\t\t\t\t\t\t<div class=\"elementor-spacer\">\n\t\t\t<div class=\"elementor-spacer-inner\"><\/div>\n\t\t<\/div>\n\t\t\t\t\t\t<\/div>\n\t\t\t\t<\/div>\n\t\t\t\t\t<\/div>\n\t\t<\/div>\n\t\t\t\t\t<\/div>\n\t\t<\/section>\n\t\t\t\t<\/div>","protected":false},"excerpt":{"rendered":"<p>Pol\u00edticas de Reembolso Condiciones&nbsp; Puedes obtener un reembolso del 100% si has creado y lanzado al menos una campa\u00f1a de Google Ads [&hellip;]<\/p>","protected":false},"author":58,"featured_media":0,"parent":0,"menu_order":0,"comment_status":"closed","ping_status":"closed","template":"","meta":{"footnotes":""},"class_list":["post-2736","page","type-page","status-publish","hentry"],"yoast_head":"<!-- This site is optimized with the Yoast SEO plugin v27.4 - https:\/\/yoast.com\/product\/yoast-seo-wordpress\/ -->\n<title>Pol\u00edticas de Reembolso - SpicyTool<\/title>\n<meta name=\"robots\" content=\"index, follow, max-snippet:-1, max-image-preview:large, max-video-preview:-1\" \/>\n<link rel=\"canonical\" href=\"https:\/\/spicytool.spicyagency.net\/en\/politicas-de-reembolso\/\" \/>\n<meta property=\"og:locale\" content=\"en_US\" \/>\n<meta property=\"og:type\" content=\"article\" \/>\n<meta property=\"og:title\" content=\"Pol\u00edticas de Reembolso - SpicyTool\" \/>\n<meta property=\"og:description\" content=\"Pol\u00edticas de Reembolso Condiciones&nbsp; Puedes obtener un reembolso del 100% si has creado y lanzado al menos una campa\u00f1a de Google Ads [&hellip;]\" \/>\n<meta property=\"og:url\" content=\"https:\/\/spicytool.spicyagency.net\/en\/politicas-de-reembolso\/\" \/>\n<meta property=\"og:site_name\" content=\"SpicyTool\" \/>\n<meta property=\"article:modified_time\" content=\"2024-05-30T20:01:46+00:00\" \/>\n<meta property=\"og:image\" content=\"https:\/\/spicytool.spicyagency.net\/wp-content\/uploads\/2023\/12\/2222-min.png\" \/>\n\t<meta property=\"og:image:width\" content=\"4466\" \/>\n\t<meta property=\"og:image:height\" content=\"4500\" \/>\n\t<meta property=\"og:image:type\" content=\"image\/png\" \/>\n<meta name=\"twitter:card\" content=\"summary_large_image\" \/>\n<meta name=\"twitter:label1\" content=\"Est. reading time\" \/>\n\t<meta name=\"twitter:data1\" content=\"1 minute\" \/>\n<script type=\"application\/ld+json\" class=\"yoast-schema-graph\">{\"@context\":\"https:\\\/\\\/schema.org\",\"@graph\":[{\"@type\":\"WebPage\",\"@id\":\"https:\\\/\\\/spicytool.spicyagency.net\\\/politicas-de-reembolso\\\/\",\"url\":\"https:\\\/\\\/spicytool.spicyagency.net\\\/politicas-de-reembolso\\\/\",\"name\":\"Pol\u00edticas de Reembolso - SpicyTool\",\"isPartOf\":{\"@id\":\"https:\\\/\\\/spicytool.spicyagency.net\\\/#website\"},\"datePublished\":\"2024-05-30T19:58:20+00:00\",\"dateModified\":\"2024-05-30T20:01:46+00:00\",\"breadcrumb\":{\"@id\":\"https:\\\/\\\/spicytool.spicyagency.net\\\/politicas-de-reembolso\\\/#breadcrumb\"},\"inLanguage\":\"en-US\",\"potentialAction\":[{\"@type\":\"ReadAction\",\"target\":[\"https:\\\/\\\/spicytool.spicyagency.net\\\/politicas-de-reembolso\\\/\"]}]},{\"@type\":\"BreadcrumbList\",\"@id\":\"https:\\\/\\\/spicytool.spicyagency.net\\\/politicas-de-reembolso\\\/#breadcrumb\",\"itemListElement\":[{\"@type\":\"ListItem\",\"position\":1,\"name\":\"Home\",\"item\":\"https:\\\/\\\/spicytool.spicyagency.net\\\/\"},{\"@type\":\"ListItem\",\"position\":2,\"name\":\"Pol\u00edticas de Reembolso\"}]},{\"@type\":\"WebSite\",\"@id\":\"https:\\\/\\\/spicytool.spicyagency.net\\\/#website\",\"url\":\"https:\\\/\\\/spicytool.spicyagency.net\\\/\",\"name\":\"SpicyTool\",\"description\":\"CRM y embudos de ventas para Whatsapp con inteligencia artificial\",\"publisher\":{\"@id\":\"https:\\\/\\\/spicytool.spicyagency.net\\\/#organization\"},\"alternateName\":\"Spicy Tool\",\"potentialAction\":[{\"@type\":\"SearchAction\",\"target\":{\"@type\":\"EntryPoint\",\"urlTemplate\":\"https:\\\/\\\/spicytool.spicyagency.net\\\/?s={search_term_string}\"},\"query-input\":{\"@type\":\"PropertyValueSpecification\",\"valueRequired\":true,\"valueName\":\"search_term_string\"}}],\"inLanguage\":\"en-US\"},{\"@type\":\"Organization\",\"@id\":\"https:\\\/\\\/spicytool.spicyagency.net\\\/#organization\",\"name\":\"Spicytool\",\"alternateName\":\"Spicy Tool\",\"url\":\"https:\\\/\\\/spicytool.spicyagency.net\\\/\",\"logo\":{\"@type\":\"ImageObject\",\"inLanguage\":\"en-US\",\"@id\":\"https:\\\/\\\/spicytool.spicyagency.net\\\/#\\\/schema\\\/logo\\\/image\\\/\",\"url\":\"https:\\\/\\\/spicytool.spicyagency.net\\\/wp-content\\\/uploads\\\/2023\\\/12\\\/2222-min.png\",\"contentUrl\":\"https:\\\/\\\/spicytool.spicyagency.net\\\/wp-content\\\/uploads\\\/2023\\\/12\\\/2222-min.png\",\"width\":4466,\"height\":4500,\"caption\":\"Spicytool\"},\"image\":{\"@id\":\"https:\\\/\\\/spicytool.spicyagency.net\\\/#\\\/schema\\\/logo\\\/image\\\/\"},\"sameAs\":[\"https:\\\/\\\/www.instagram.com\\\/spicytool\\\/\"]}]}<\/script>\n<!-- \/ Yoast SEO plugin. -->","yoast_head_json":{"title":"Pol\u00edticas de Reembolso - SpicyTool","robots":{"index":"index","follow":"follow","max-snippet":"max-snippet:-1","max-image-preview":"max-image-preview:large","max-video-preview":"max-video-preview:-1"},"canonical":"https:\/\/spicytool.spicyagency.net\/en\/politicas-de-reembolso\/","og_locale":"en_US","og_type":"article","og_title":"Pol\u00edticas de Reembolso - SpicyTool","og_description":"Pol\u00edticas de Reembolso Condiciones&nbsp; Puedes obtener un reembolso del 100% si has creado y lanzado al menos una campa\u00f1a de Google Ads [&hellip;]","og_url":"https:\/\/spicytool.spicyagency.net\/en\/politicas-de-reembolso\/","og_site_name":"SpicyTool","article_modified_time":"2024-05-30T20:01:46+00:00","og_image":[{"width":4466,"height":4500,"url":"https:\/\/spicytool.spicyagency.net\/wp-content\/uploads\/2023\/12\/2222-min.png","type":"image\/png"}],"twitter_card":"summary_large_image","twitter_misc":{"Est. reading time":"1 minute"},"schema":{"@context":"https:\/\/schema.org","@graph":[{"@type":"WebPage","@id":"https:\/\/spicytool.spicyagency.net\/politicas-de-reembolso\/","url":"https:\/\/spicytool.spicyagency.net\/politicas-de-reembolso\/","name":"Pol\u00edticas de Reembolso - SpicyTool","isPartOf":{"@id":"https:\/\/spicytool.spicyagency.net\/#website"},"datePublished":"2024-05-30T19:58:20+00:00","dateModified":"2024-05-30T20:01:46+00:00","breadcrumb":{"@id":"https:\/\/spicytool.spicyagency.net\/politicas-de-reembolso\/#breadcrumb"},"inLanguage":"en-US","potentialAction":[{"@type":"ReadAction","target":["https:\/\/spicytool.spicyagency.net\/politicas-de-reembolso\/"]}]},{"@type":"BreadcrumbList","@id":"https:\/\/spicytool.spicyagency.net\/politicas-de-reembolso\/#breadcrumb","itemListElement":[{"@type":"ListItem","position":1,"name":"Home","item":"https:\/\/spicytool.spicyagency.net\/"},{"@type":"ListItem","position":2,"name":"Pol\u00edticas de Reembolso"}]},{"@type":"WebSite","@id":"https:\/\/spicytool.spicyagency.net\/#website","url":"https:\/\/spicytool.spicyagency.net\/","name":"SpicyTool","description":"CRM y embudos de ventas para Whatsapp con inteligencia artificial","publisher":{"@id":"https:\/\/spicytool.spicyagency.net\/#organization"},"alternateName":"Spicy Tool","potentialAction":[{"@type":"SearchAction","target":{"@type":"EntryPoint","urlTemplate":"https:\/\/spicytool.spicyagency.net\/?s={search_term_string}"},"query-input":{"@type":"PropertyValueSpecification","valueRequired":true,"valueName":"search_term_string"}}],"inLanguage":"en-US"},{"@type":"Organization","@id":"https:\/\/spicytool.spicyagency.net\/#organization","name":"Spicytool","alternateName":"Spicy Tool","url":"https:\/\/spicytool.spicyagency.net\/","logo":{"@type":"ImageObject","inLanguage":"en-US","@id":"https:\/\/spicytool.spicyagency.net\/#\/schema\/logo\/image\/","url":"https:\/\/spicytool.spicyagency.net\/wp-content\/uploads\/2023\/12\/2222-min.png","contentUrl":"https:\/\/spicytool.spicyagency.net\/wp-content\/uploads\/2023\/12\/2222-min.png","width":4466,"height":4500,"caption":"Spicytool"},"image":{"@id":"https:\/\/spicytool.spicyagency.net\/#\/schema\/logo\/image\/"},"sameAs":["https:\/\/www.instagram.com\/spicytool\/"]}]}},"_hostinger_reach_plugin_has_subscription_block":false,"_hostinger_reach_plugin_is_elementor":false,"brizy_media":[],"_links":{"self":[{"href":"https:\/\/spicytool.spicyagency.net\/en\/wp-json\/wp\/v2\/pages\/2736","targetHints":{"allow":["GET"]}}],"collection":[{"href":"https:\/\/spicytool.spicyagency.net\/en\/wp-json\/wp\/v2\/pages"}],"about":[{"href":"https:\/\/spicytool.spicyagency.net\/en\/wp-json\/wp\/v2\/types\/page"}],"author":[{"embeddable":true,"href":"https:\/\/spicytool.spicyagency.net\/en\/wp-json\/wp\/v2\/users\/58"}],"replies":[{"embeddable":true,"href":"https:\/\/spicytool.spicyagency.net\/en\/wp-json\/wp\/v2\/comments?post=2736"}],"version-history":[{"count":6,"href":"https:\/\/spicytool.spicyagency.net\/en\/wp-json\/wp\/v2\/pages\/2736\/revisions"}],"predecessor-version":[{"id":2742,"href":"https:\/\/spicytool.spicyagency.net\/en\/wp-json\/wp\/v2\/pages\/2736\/revisions\/2742"}],"wp:attachment":[{"href":"https:\/\/spicytool.spicyagency.net\/en\/wp-json\/wp\/v2\/media?parent=2736"}],"curies":[{"name":"wp","href":"https:\/\/api.w.org\/{rel}","templated":true}]}}